{"id":7,"date":"2016-11-03T20:30:11","date_gmt":"2016-11-03T20:30:11","guid":{"rendered":"http:\/\/vermietung-wagner.de\/?page_id=7"},"modified":"2016-11-13T16:42:20","modified_gmt":"2016-11-13T15:42:20","slug":"vermietung","status":"publish","type":"page","link":"http:\/\/vermietung-wagner.de\/?page_id=7","title":{"rendered":"Vermietung"},"content":{"rendered":"<h4><a href=\"http:\/\/www.arzberg.de\/\" target=\"_blank\">Informationen und Daten \u00fcber Arzberg<\/a>\u00a0\u00a0\u00a0\u00a0\u00a0\u00a0 \u00a0 \u00a0 \u00a0 <a href=\"http:\/\/www.arzberg.de\/webcam\/webcamticker.php\" target=\"_blank\">Webcam Arzberg<\/a> \u00a0 \u00a0 \u00a0 \u00a0 \u00a0 \u00a0 \u00a0 \u00a0 \u00a0\u00a0 <a href=\"http:\/\/vermietung-wagner.de\/wp-content\/uploads\/2016\/11\/Informationsbroch\u00fcre_Arzberg_2015.pdf\" target=\"_blank\"><img loading=\"lazy\" class=\"alignnone wp-image-68 size-full\" src=\"http:\/\/vermietung-wagner.de\/wp-content\/uploads\/2016\/11\/SymbolPDF.gif\" alt=\"Informationsbroch\u00fcre_Arzberg_2015.pdf\" width=\"34\" height=\"33\" \/>Informationsbrosch\u00fcre<\/a><\/h4>\n<h1 class=''>Marktplatz 6, 95659 Arzberg<\/h1>        <script type=\"text\/javascript\">\n            google.maps.event.addDomListener(window, 'load', function () {\n                var map = new google.maps.Map(document.getElementById(\"srm_gmp_embed_1\"), {\n                    center: new google.maps.LatLng(50.0571463,12.185732700000017),\n                    zoom:13,\n                    mapTypeId: google.maps.MapTypeId.ROADMAP,\n                    scrollwheel: '1'\n                });\n\n                \/\/ To view directions form and data\n                                \/\/=========Direction view end\n\n                var marker = new google.maps.Marker({\n                    position: new google.maps.LatLng(50.0571463,12.185732700000017),\n                    map: map,\n                    animation: google.maps.Animation.DROP\n                });\n                marker.setMap(map);\n                \n            });\n\n\n        <\/script>\n\n\n        <div id=\"srm_gmp_embed_1\"\n             style=\"width:100% !important;height:300px  !important;margin:5px 0; \">\n\n        <\/div>\n                \n<h5>Das Anwesen Marktplatz 6 hat in Zukunft 5 Wohneinheiten. Die Wohnungspl\u00e4ne sind unter den jeweilgen Wohungen verf\u00fcgbar.<\/h5>\n<p>&nbsp;<\/p>\n<h3 style=\"text-align: center;\"><a href=\"http:\/\/vermietung-wagner.de\/wp-content\/uploads\/2016\/11\/3-Zi-1OG-L.pdf\" target=\"_blank\"><span style=\"color: #aede7e;\">3 Zimmer Wohnung im 1. Obergeschoss ( 116m\u00b2 )<\/span><\/a><\/h3>\n<h3 style=\"text-align: center;\"><a href=\"http:\/\/vermietung-wagner.de\/wp-content\/uploads\/2016\/11\/3-Zi-2OG-L.pdf\" target=\"_blank\"><span style=\"color: #aede7e;\">3 Zimmer Wohnung im 2.Obergeschoss ( 118m\u00b2 )<\/span><\/a><\/h3>\n<h3 style=\"text-align: center;\"><a href=\"http:\/\/vermietung-wagner.de\/wp-content\/uploads\/2016\/11\/2-Zi-1OG-R.pdf\" target=\"_blank\"><span style=\"color: #aede7e;\">2 Zimmer Wohnung im 1. Obergeschoss ( 81m\u00b2 )<\/span><\/a><\/h3>\n<h3 style=\"text-align: center;\"><a href=\"http:\/\/vermietung-wagner.de\/wp-content\/uploads\/2016\/11\/3-Zi-2OG-R.pdf\" target=\"_blank\"><span style=\"color: #aede7e;\">3 Zimmer Wohnung im 2. Obergeschoss ( 81m\u00b2 )<\/span><\/a><\/h3>\n<h3 style=\"text-align: center;\"><span style=\"color: #aede7e;\">3 &#8211; 4 Zimmer Wohnung im ganzen Dachgeschoss ( ca. 100m\u00b2 )<\/span><\/h3>\n<h6 style=\"text-align: center;\"><span style=\"color: #ff0000;\">\u00a0noch im Umbau (keine Pl\u00e4ne vorhanden)<\/span><\/h6>\n<p>&nbsp;<\/p>\n<p>&nbsp;<\/p>\n<p>&nbsp;<\/p>\n","protected":false},"excerpt":{"rendered":"<p>Informationen und Daten \u00fcber Arzberg\u00a0\u00a0\u00a0\u00a0\u00a0\u00a0 \u00a0 \u00a0 \u00a0 Webcam Arzberg \u00a0 \u00a0 \u00a0 \u00a0 \u00a0 \u00a0 \u00a0 \u00a0 \u00a0\u00a0 Informationsbrosch\u00fcre Das Anwesen Marktplatz 6 hat in Zukunft 5 Wohneinheiten. Die Wohnungspl\u00e4ne sind unter den jeweilgen Wohungen verf\u00fcgbar. &nbsp; 3 Zimmer Wohnung im 1. Obergeschoss ( 116m\u00b2 ) 3 Zimmer Wohnung im 2.Obergeschoss ( 118m\u00b2 ) 2 Zimmer Wohnung im 1. Obergeschoss ( 81m\u00b2 ) 3 [&hellip;]<\/p>\n","protected":false},"author":1,"featured_media":0,"parent":0,"menu_order":0,"comment_status":"closed","ping_status":"closed","template":"","meta":[],"_links":{"self":[{"href":"http:\/\/vermietung-wagner.de\/index.php?rest_route=\/wp\/v2\/pages\/7"}],"collection":[{"href":"http:\/\/vermietung-wagner.de\/index.php?rest_route=\/wp\/v2\/pages"}],"about":[{"href":"http:\/\/vermietung-wagner.de\/index.php?rest_route=\/wp\/v2\/types\/page"}],"author":[{"embeddable":true,"href":"http:\/\/vermietung-wagner.de\/index.php?rest_route=\/wp\/v2\/users\/1"}],"replies":[{"embeddable":true,"href":"http:\/\/vermietung-wagner.de\/index.php?rest_route=%2Fwp%2Fv2%2Fcomments&post=7"}],"version-history":[{"count":22,"href":"http:\/\/vermietung-wagner.de\/index.php?rest_route=\/wp\/v2\/pages\/7\/revisions"}],"predecessor-version":[{"id":121,"href":"http:\/\/vermietung-wagner.de\/index.php?rest_route=\/wp\/v2\/pages\/7\/revisions\/121"}],"wp:attachment":[{"href":"http:\/\/vermietung-wagner.de\/index.php?rest_route=%2Fwp%2Fv2%2Fmedia&parent=7"}],"curies":[{"name":"wp","href":"https:\/\/api.w.org\/{rel}","templated":true}]}}